{"id":8738,"date":"2025-01-09T10:52:43","date_gmt":"2025-01-09T10:52:43","guid":{"rendered":"https:\/\/demo.pro.radio\/wp32\/contacts\/"},"modified":"2026-01-31T22:16:01","modified_gmt":"2026-01-31T21:16:01","slug":"contacts","status":"publish","type":"page","link":"https:\/\/merseblattfm.de\/?page_id=8738","title":{"rendered":"Contacts"},"content":{"rendered":"\t\t<div data-elementor-type=\"wp-page\" data-elementor-id=\"8738\" class=\"elementor elementor-8738\">\n\t\t\t\t<div class=\"elementor-element elementor-element-be39057 e-con-full e-flex e-con e-parent\" data-id=\"be39057\" data-element_type=\"container\">\n\t\t<div class=\"elementor-element elementor-element-7b94271 e-con-full e-flex e-con e-child\" data-id=\"7b94271\" data-element_type=\"container\">\n\t\t\t\t<div class=\"elementor-element elementor-element-33fba4b elementor-widget elementor-widget-proradio-elementor-qt-cf7\" data-id=\"33fba4b\" data-element_type=\"widget\" data-widget_type=\"proradio-elementor-qt-cf7.default\">\n\t\t\t\t<div class=\"elementor-widget-container\">\n\t\t\t\t\t\n<div class=\"wpcf7 no-js\" id=\"wpcf7-f7-o1\" lang=\"de-DE\" dir=\"ltr\" data-wpcf7-id=\"7\">\n<div class=\"screen-reader-response\"><p role=\"status\" aria-live=\"polite\" aria-atomic=\"true\"><\/p> <ul><\/ul><\/div>\n<form action=\"\/index.php?rest_route=%2Fwp%2Fv2%2Fpages%2F8738#wpcf7-f7-o1\" method=\"post\" class=\"wpcf7-form init\" aria-label=\"Kontaktformular\" novalidate=\"novalidate\" data-status=\"init\">\n<fieldset class=\"hidden-fields-container\"><input type=\"hidden\" name=\"_wpcf7\" value=\"7\" \/><input type=\"hidden\" name=\"_wpcf7_version\" value=\"6.1.4\" \/><input type=\"hidden\" name=\"_wpcf7_locale\" value=\"de_DE\" \/><input type=\"hidden\" name=\"_wpcf7_unit_tag\" value=\"wpcf7-f7-o1\" \/><input type=\"hidden\" name=\"_wpcf7_container_post\" value=\"0\" \/><input type=\"hidden\" name=\"_wpcf7_posted_data_hash\" value=\"\" \/>\n<\/fieldset>\n<p><label> Dein Name<br \/>\n<span class=\"wpcf7-form-control-wrap\" data-name=\"your-name\"><input size=\"40\" maxlength=\"400\" class=\"wpcf7-form-control wpcf7-text wpcf7-validates-as-required\" autocomplete=\"name\" aria-required=\"true\" aria-invalid=\"false\" value=\"\" type=\"text\" name=\"your-name\" \/><\/span> <\/label>\n<\/p>\n<p><label> Deine E-Mail-Adresse<br \/>\n<span class=\"wpcf7-form-control-wrap\" data-name=\"your-email\"><input size=\"40\" maxlength=\"400\" class=\"wpcf7-form-control wpcf7-email wpcf7-validates-as-required wpcf7-text wpcf7-validates-as-email\" autocomplete=\"email\" aria-required=\"true\" aria-invalid=\"false\" value=\"\" type=\"email\" name=\"your-email\" \/><\/span> <\/label>\n<\/p>\n<p><label> Betreff<br \/>\n<span class=\"wpcf7-form-control-wrap\" data-name=\"your-subject\"><input size=\"40\" maxlength=\"400\" class=\"wpcf7-form-control wpcf7-text wpcf7-validates-as-required\" aria-required=\"true\" aria-invalid=\"false\" value=\"\" type=\"text\" name=\"your-subject\" \/><\/span> <\/label>\n<\/p>\n<p><label> Deine Nachricht (optional)<br \/>\n<span class=\"wpcf7-form-control-wrap\" data-name=\"your-message\"><textarea cols=\"40\" rows=\"10\" maxlength=\"2000\" class=\"wpcf7-form-control wpcf7-textarea\" aria-invalid=\"false\" name=\"your-message\"><\/textarea><\/span> <\/label>\n<\/p>\n<p><span class=\"wpcf7-form-control-wrap\" data-name=\"quiz-781\"><label><span class=\"wpcf7-quiz-label\">1+1<\/span> <input size=\"40\" class=\"wpcf7-form-control wpcf7-quiz\" autocomplete=\"off\" aria-required=\"true\" aria-invalid=\"false\" type=\"text\" name=\"quiz-781\" \/><\/label><input type=\"hidden\" name=\"_wpcf7_quiz_answer_quiz-781\" value=\"ed1bfe2482aa39da0413a5204a58fbfc\" \/><\/span>\n<\/p>\n<p><input class=\"wpcf7-form-control wpcf7-submit has-spinner\" type=\"submit\" value=\"Senden\" \/>\n<\/p><div class=\"wpcf7-response-output\" aria-hidden=\"true\"><\/div>\n<\/form>\n<\/div>\n\t\t\t\t<\/div>\n\t\t\t\t<\/div>\n\t\t\t\t<\/div>\n\t\t<div class=\"elementor-element elementor-element-e485183 e-con-full e-flex e-con e-child\" data-id=\"e485183\" data-element_type=\"container\" data-settings=\"{&quot;background_background&quot;:&quot;classic&quot;}\">\n\t\t\t\t<div class=\"elementor-element elementor-element-68fb70f elementor-widget__width-initial elementor-widget elementor-widget-heading\" data-id=\"68fb70f\" data-element_type=\"widget\" data-widget_type=\"heading.default\">\n\t\t\t\t\t<h2 class=\"elementor-heading-title elementor-size-default\">Kontakt<\/h2>\t\t\t\t<\/div>\n\t\t\t\t<div class=\"elementor-element elementor-element-b40eca8 elementor-widget elementor-widget-text-editor\" data-id=\"b40eca8\" data-element_type=\"widget\" data-widget_type=\"text-editor.default\">\n\t\t\t\t\t\t\t\t\t<p>Du hast Feedback, Musikw\u00fcnsche oder eine eigene Idee f\u00fcr eine Sendung?<br data-start=\"208\" data-end=\"211\" \/><br \/>MerseblattFM lebt vom Mitmachen. Schreib uns gern, wenn du etwas beitragen m\u00f6chtest oder Teil des Programms werden willst.<\/p>\t\t\t\t\t\t\t\t<\/div>\n\t\t\t\t<\/div>\n\t\t\t\t<\/div>\n\t\t<div class=\"elementor-element elementor-element-8e5f72e e-flex e-con-boxed e-con e-parent\" data-id=\"8e5f72e\" data-element_type=\"container\">\n\t\t\t\t\t<div class=\"e-con-inner\">\n\t\t\t\t<div class=\"elementor-element elementor-element-62801b4 elementor-widget elementor-widget-proradio-elementor-chat\" data-id=\"62801b4\" data-element_type=\"widget\" data-widget_type=\"proradio-elementor-chat.default\">\n\t\t\t\t<div class=\"elementor-widget-container\">\n\t\t\t\t\t\t\t<div class=\"prchat-wrap\" data-max=\"30\">\n\t\t\t<div class=\"prchat-head\">\n\t\t\t\t <div class=\"prchat-title\">Live Chat<\/div>\n\t\t\t<\/div>\n\n\t\t\t\n\t\t\t<div class=\"prchat-body\" id=\"prchat-body\" aria-live=\"polite\"><\/div>\n\n\t\t\t<form class=\"prchat-form\" id=\"prchat-form\" autocomplete=\"off\" novalidate>\n\t\t\t\t<!-- Honeypot (should remain empty) -->\n\t\t\t\t<input type=\"text\" name=\"prchat_hp\" id=\"prchat_hp\" class=\"prchat-hp\" value=\"\" tabindex=\"-1\" aria-hidden=\"true\" autocomplete=\"off\" \/>\n\t\t\t\t<div class=\"prchat-row\">\n\t\t\t\t\t<input type=\"text\" id=\"prchat-username\" class=\"prchat-input\" placeholder=\"Benutzername\" maxlength=\"24\" \/>\n\t\t\t\t<\/div>\n\t\t\t\t<div class=\"prchat-row prchat-row-message\">\n\t\t\t\t\t<input type=\"text\" id=\"prchat-message\" class=\"prchat-input\" placeholder=\"Nachricht schreiben...\" maxlength=\"240\"\/>\n\t\t\t\t\t<button type=\"button\" class=\"prchat-emoji-btn\" id=\"prchat-emoji-btn\" aria-expanded=\"false\" aria-controls=\"prchat-emoji-pop\">\ud83d\ude0a<\/button>\n\t\t\t\t\t<div id=\"prchat-emoji-pop\" class=\"prchat-emoji-pop\" hidden><\/div>\n\t\t\t\t<\/div>\n\n\t\t\t\t<label class=\"prchat-privacy\">\n\t\t\t\t\t<input type=\"checkbox\" id=\"prchat-privacy\" \/>\n\t\t\t\t\t<span>\n\t\t\t\t\t\tIch verstehe, dass dieser Chat meine Nachricht und IP zur Sicherheit\/Moderation speichert. Es werden keine Cookies verwendet.\t\t\t\t\t<\/span>\n\t\t\t\t<\/label>\n\n\t\t\t\t<div class=\"prchat-row prchat-actions\">\n\t\t\t\t\t<button type=\"submit\" class=\"prchat-btn\">Senden<\/button>\n\t\t\t\t<\/div>\n\t\t\t<\/form>\n\t\t<\/div>\n\t\t\t\t\t\t<\/div>\n\t\t\t\t<\/div>\n\t\t\t\t\t<\/div>\n\t\t\t\t<\/div>\n\t\t\t\t<\/div>\n\t\t","protected":false},"excerpt":{"rendered":"<p>Dein Name Deine E-Mail-Adresse Betreff Deine Nachricht (optional) Kontakt Du hast Feedback, Musikw\u00fcnsche oder eine eigene Idee f\u00fcr eine Sendung?MerseblattFM lebt vom Mitmachen. Schreib uns gern, wenn du etwas beitragen m\u00f6chtest oder Teil des Programms werden willst. Live Chat \ud83d\ude0a Ich verstehe, dass dieser Chat meine Nachricht und IP zur ...<\/p>\n","protected":false},"author":1,"featured_media":0,"parent":0,"menu_order":0,"comment_status":"closed","ping_status":"closed","template":"page-visualcomposer.php","meta":{"footnotes":""},"class_list":["post-8738","page","type-page","status-publish","hentry"],"_links":{"self":[{"href":"https:\/\/merseblattfm.de\/index.php?rest_route=\/wp\/v2\/pages\/8738","targetHints":{"allow":["GET"]}}],"collection":[{"href":"https:\/\/merseblattfm.de\/index.php?rest_route=\/wp\/v2\/pages"}],"about":[{"href":"https:\/\/merseblattfm.de\/index.php?rest_route=\/wp\/v2\/types\/page"}],"author":[{"embeddable":true,"href":"https:\/\/merseblattfm.de\/index.php?rest_route=\/wp\/v2\/users\/1"}],"replies":[{"embeddable":true,"href":"https:\/\/merseblattfm.de\/index.php?rest_route=%2Fwp%2Fv2%2Fcomments&post=8738"}],"version-history":[{"count":10,"href":"https:\/\/merseblattfm.de\/index.php?rest_route=\/wp\/v2\/pages\/8738\/revisions"}],"predecessor-version":[{"id":11024,"href":"https:\/\/merseblattfm.de\/index.php?rest_route=\/wp\/v2\/pages\/8738\/revisions\/11024"}],"wp:attachment":[{"href":"https:\/\/merseblattfm.de\/index.php?rest_route=%2Fwp%2Fv2%2Fmedia&parent=8738"}],"curies":[{"name":"wp","href":"https:\/\/api.w.org\/{rel}","templated":true}]}}